{"id":463,"date":"2024-12-20T13:16:32","date_gmt":"2024-12-20T13:16:32","guid":{"rendered":"https:\/\/timemachinebudapest.hu\/?page_id=463"},"modified":"2025-02-14T13:00:53","modified_gmt":"2025-02-14T13:00:53","slug":"impresszum","status":"publish","type":"page","link":"https:\/\/timemachinebudapest.hu\/es\/impresszum\/","title":{"rendered":"Impresi\u00f3n"},"content":{"rendered":"<div data-elementor-type=\"wp-page\" data-elementor-id=\"463\" class=\"elementor elementor-463\" data-elementor-post-type=\"page\">\n\t\t\t\t\t\t<section class=\"elementor-section elementor-top-section elementor-element elementor-element-3770a479 elementor-section-height-min-height elementor-section-items-bottom elementor-section-boxed elementor-section-height-default\" data-id=\"3770a479\" data-element_type=\"section\" data-e-type=\"section\" data-settings=\"{&quot;background_background&quot;:&quot;classic&quot;}\">\n\t\t\t\t\t\t\t<div class=\"elementor-background-overlay\"><\/div>\n\t\t\t\t\t\t\t<div class=\"elementor-container elementor-column-gap-default\">\n\t\t\t\t\t<div class=\"elementor-column elementor-col-100 elementor-top-column elementor-element elementor-element-cedd907\" data-id=\"cedd907\" data-element_type=\"column\" data-e-type=\"column\">\n\t\t\t<div class=\"elementor-widget-wrap elementor-element-populated\">\n\t\t\t\t\t\t<section class=\"elementor-section elementor-inner-section elementor-element elementor-element-38d81e57 elementor-section-content-middle elementor-section-boxed elementor-section-height-default elementor-section-height-default\" data-id=\"38d81e57\" data-element_type=\"section\" data-e-type=\"section\" data-settings=\"{&quot;background_background&quot;:&quot;classic&quot;}\">\n\t\t\t\t\t\t<div class=\"elementor-container elementor-column-gap-default\">\n\t\t\t\t\t<div class=\"elementor-column elementor-col-100 elementor-inner-column elementor-element elementor-element-6fb23780\" data-id=\"6fb23780\" data-element_type=\"column\" data-e-type=\"column\">\n\t\t\t<div class=\"elementor-widget-wrap elementor-element-populated\">\n\t\t\t\t\t\t<div class=\"elementor-element elementor-element-34aa3aa7 elementor-widget__width-initial elementor-widget-mobile__width-initial elementor-widget elementor-widget-heading\" data-id=\"34aa3aa7\" data-element_type=\"widget\" data-e-type=\"widget\" data-widget_type=\"heading.default\">\n\t\t\t\t<div class=\"elementor-widget-container\">\n\t\t\t\t\t<h1 class=\"elementor-heading-title elementor-size-default\">Impresi\u00f3n<\/h1>\t\t\t\t<\/div>\n\t\t\t\t<\/div>\n\t\t\t\t\t<\/div>\n\t\t<\/div>\n\t\t\t\t\t<\/div>\n\t\t<\/section>\n\t\t\t\t\t<\/div>\n\t\t<\/div>\n\t\t\t\t\t<\/div>\n\t\t<\/section>\n\t\t\t\t<section class=\"elementor-section elementor-top-section elementor-element elementor-element-55339428 elementor-reverse-tablet elementor-reverse-mobile elementor-section-boxed elementor-section-height-default elementor-section-height-default\" data-id=\"55339428\" data-element_type=\"section\" data-e-type=\"section\" data-settings=\"{&quot;background_background&quot;:&quot;classic&quot;}\">\n\t\t\t\t\t\t<div class=\"elementor-container elementor-column-gap-wider\">\n\t\t\t\t\t<div class=\"elementor-column elementor-col-50 elementor-top-column elementor-element elementor-element-5f1820b4\" data-id=\"5f1820b4\" data-element_type=\"column\" data-e-type=\"column\">\n\t\t\t<div class=\"elementor-widget-wrap elementor-element-populated\">\n\t\t\t\t\t\t<div class=\"elementor-element elementor-element-3fa86d0d elementor-widget elementor-widget-image\" data-id=\"3fa86d0d\" data-element_type=\"widget\" data-e-type=\"widget\" data-widget_type=\"image.default\">\n\t\t\t\t<div class=\"elementor-widget-container\">\n\t\t\t\t\t\t\t\t\t\t\t\t\t\t\t<img decoding=\"async\" src=\"https:\/\/timemachinebudapest.hu\/wp-content\/uploads\/elementor\/thumbs\/befagyott_duna_ck-qyqh9z69a6easuson5b1urh8x6tyhqbsdzqryx10bc.jpg\" title=\"CREATOR: gd-jpeg v1.0 (using IJG JPEG v80), quality = 75\" alt=\"CREATOR: gd-jpeg v1.0 (using IJG JPEG v80), quality = 75\" loading=\"lazy\" \/>\t\t\t\t\t\t\t\t\t\t\t\t\t\t\t<\/div>\n\t\t\t\t<\/div>\n\t\t\t\t\t<\/div>\n\t\t<\/div>\n\t\t\t\t<div class=\"elementor-column elementor-col-50 elementor-top-column elementor-element elementor-element-50bb75a8\" data-id=\"50bb75a8\" data-element_type=\"column\" data-e-type=\"column\">\n\t\t\t<div class=\"elementor-widget-wrap elementor-element-populated\">\n\t\t\t\t\t\t<div class=\"elementor-element elementor-element-5cee110d elementor-widget elementor-widget-heading\" data-id=\"5cee110d\" data-element_type=\"widget\" data-e-type=\"widget\" data-widget_type=\"heading.default\">\n\t\t\t\t<div class=\"elementor-widget-container\">\n\t\t\t\t\t<h2 class=\"elementor-heading-title elementor-size-default\">V\u00e1llalkoz\u00e1s adatai<\/h2>\t\t\t\t<\/div>\n\t\t\t\t<\/div>\n\t\t\t\t<div class=\"elementor-element elementor-element-1af9d795 elementor-widget elementor-widget-text-editor\" data-id=\"1af9d795\" data-element_type=\"widget\" data-e-type=\"widget\" data-widget_type=\"text-editor.default\">\n\t\t\t\t<div class=\"elementor-widget-container\">\n\t\t\t\t\t\t\t\t\t<div class=\"elementor-element elementor-element-1cd9fd67 elementor-widget elementor-widget-heading\" data-id=\"1cd9fd67\" data-element_type=\"widget\" data-widget_type=\"heading.default\"><div class=\"elementor-widget-container\"><p class=\"elementor-heading-title elementor-size-default\"><span style=\"font-family: -apple-system, BlinkMacSystemFont, 'Segoe UI', Roboto, 'Helvetica Neue', Arial, 'Noto Sans', sans-serif, 'Apple Color Emoji', 'Segoe UI Emoji', 'Segoe UI Symbol', 'Noto Color Emoji'; font-size: 16px;\">V\u00e1llalkoz\u00e1s Neve: Valorvero Kft.<\/span><\/p><\/div><\/div><div class=\"elementor-element elementor-element-a1b7ea3 elementor-widget elementor-widget-text-editor\" data-id=\"a1b7ea3\" data-element_type=\"widget\" data-widget_type=\"text-editor.default\"><div class=\"elementor-widget-container\"><p>Sz\u00e9khely: 1152 Budapest, Szentmih\u00e1lyi \u00fat 131. P\u00f3lus Center. \u00e9p. Wall Street. lh\u00e1z. 21.<\/p><p>Postac\u00edm: 1152 Budapest, Szentmih\u00e1lyi \u00fat 131. P\u00f3lus Center. \u00e9p. Wall Street. lh\u00e1z. 21.<\/p><p>Weboldal:\u00a0<a href=\"https:\/\/timemachinebudapest.hu\/es\/\">timemachinebudapest.hu\u00a0<\/a><\/p><p>E-mail c\u00edm:\u00a0<a href=\"mailto:info@timemachinebudapest.hu\">info@timemachinebudapest.hu<\/a><\/p><p>Telefonsz\u00e1m: <a href=\"tel:+36704299099\">+36 70 429 9099<\/a><\/p><p>Ad\u00f3sz\u00e1m: 23145975-2-42<\/p><\/div><\/div>\t\t\t\t\t\t\t\t<\/div>\n\t\t\t\t<\/div>\n\t\t\t\t<div class=\"elementor-element elementor-element-147b4ac7 elementor-align-left elementor-widget__width-auto elementor-mobile-align-center elementor-widget-mobile__width-inherit elementor-widget elementor-widget-button\" data-id=\"147b4ac7\" data-element_type=\"widget\" data-e-type=\"widget\" data-widget_type=\"button.default\">\n\t\t\t\t<div class=\"elementor-widget-container\">\n\t\t\t\t\t\t\t\t\t<div class=\"elementor-button-wrapper\">\n\t\t\t\t\t<a class=\"elementor-button elementor-button-link elementor-size-md\" href=\"https:\/\/timemachinebudapest.hu\/es\/jegyek\/#kedvezmenyek\">\n\t\t\t\t\t\t<span class=\"elementor-button-content-wrapper\">\n\t\t\t\t\t\t\t\t\t<span class=\"elementor-button-text\">vissza a f\u0151oldalra<\/span>\n\t\t\t\t\t<\/span>\n\t\t\t\t\t<\/a>\n\t\t\t\t<\/div>\n\t\t\t\t\t\t\t\t<\/div>\n\t\t\t\t<\/div>\n\t\t\t\t\t<\/div>\n\t\t<\/div>\n\t\t\t\t\t<\/div>\n\t\t<\/section>\n\t\t\t\t<\/div>","protected":false},"excerpt":{"rendered":"<p>Impresszum V\u00e1llalkoz\u00e1s adatai V\u00e1llalkoz\u00e1s Neve: Valorvero Kft. Sz\u00e9khely: 1152 Budapest, Szentmih\u00e1lyi \u00fat 131. P\u00f3lus Center. \u00e9p. Wall Street. lh\u00e1z. 21. Postac\u00edm: 1152 Budapest, Szentmih\u00e1lyi \u00fat 131. P\u00f3lus Center. \u00e9p. Wall Street. lh\u00e1z. 21. Weboldal:\u00a0timemachinebudapest.hu\u00a0 E-mail c\u00edm:\u00a0info@timemachinebudapest.hu Telefonsz\u00e1m: +36 70 429 9099 Ad\u00f3sz\u00e1m: 23145975-2-42 vissza a f\u0151oldalra<\/p>","protected":false},"author":1,"featured_media":0,"parent":0,"menu_order":0,"comment_status":"closed","ping_status":"closed","template":"","meta":{"_angie_page":false,"footnotes":""},"class_list":["post-463","page","type-page","status-publish","hentry"],"yoast_head":"<!-- This site is optimized with the Yoast SEO Premium plugin v27.4 (Yoast SEO v27.4) - https:\/\/yoast.com\/product\/yoast-seo-premium-wordpress\/ -->\n<title>Impresszum - Time Machine Budapest<\/title>\n<meta name=\"robots\" content=\"index, follow, max-snippet:-1, max-image-preview:large, max-video-preview:-1\" \/>\n<link rel=\"canonical\" href=\"https:\/\/timemachinebudapest.hu\/es\/impresszum\/\" \/>\n<meta property=\"og:locale\" content=\"es_ES\" \/>\n<meta property=\"og:type\" content=\"article\" \/>\n<meta property=\"og:title\" content=\"Impresszum\" \/>\n<meta property=\"og:description\" content=\"Impresszum V\u00e1llalkoz\u00e1s adatai V\u00e1llalkoz\u00e1s Neve: Valorvero Kft. Sz\u00e9khely: 1152 Budapest, Szentmih\u00e1lyi \u00fat 131. P\u00f3lus Center. \u00e9p. Wall Street. lh\u00e1z. 21. Postac\u00edm: 1152 Budapest, Szentmih\u00e1lyi \u00fat 131. P\u00f3lus Center. \u00e9p. Wall Street. lh\u00e1z. 21. Weboldal:\u00a0timemachinebudapest.hu\u00a0 E-mail c\u00edm:\u00a0info@timemachinebudapest.hu Telefonsz\u00e1m: +36 70 429 9099 Ad\u00f3sz\u00e1m: 23145975-2-42 vissza a f\u0151oldalra\" \/>\n<meta property=\"og:url\" content=\"https:\/\/timemachinebudapest.hu\/es\/impresszum\/\" \/>\n<meta property=\"og:site_name\" content=\"Time Machine Budapest\" \/>\n<meta property=\"article:modified_time\" content=\"2025-02-14T13:00:53+00:00\" \/>\n<meta property=\"og:image\" content=\"https:\/\/timemachinebudapest.hu\/wp-content\/uploads\/elementor\/thumbs\/befagyott_duna_ck-qyqh9z69a6easuson5b1urh8x6tyhqbsdzqryx0ys2.jpg\" \/>\n<meta name=\"twitter:card\" content=\"summary_large_image\" \/>\n<script type=\"application\/ld+json\" class=\"yoast-schema-graph\">{\"@context\":\"https:\\\/\\\/schema.org\",\"@graph\":[{\"@type\":\"WebPage\",\"@id\":\"https:\\\/\\\/timemachinebudapest.hu\\\/impresszum\\\/\",\"url\":\"https:\\\/\\\/timemachinebudapest.hu\\\/impresszum\\\/\",\"name\":\"Impresszum - Time Machine Budapest\",\"isPartOf\":{\"@id\":\"https:\\\/\\\/timemachinebudapest.hu\\\/#website\"},\"primaryImageOfPage\":{\"@id\":\"https:\\\/\\\/timemachinebudapest.hu\\\/impresszum\\\/#primaryimage\"},\"image\":{\"@id\":\"https:\\\/\\\/timemachinebudapest.hu\\\/impresszum\\\/#primaryimage\"},\"thumbnailUrl\":\"https:\\\/\\\/timemachinebudapest.hu\\\/wp-content\\\/uploads\\\/elementor\\\/thumbs\\\/befagyott_duna_ck-qyqh9z69a6easuson5b1urh8x6tyhqbsdzqryx0ys2.jpg\",\"datePublished\":\"2024-12-20T13:16:32+00:00\",\"dateModified\":\"2025-02-14T13:00:53+00:00\",\"breadcrumb\":{\"@id\":\"https:\\\/\\\/timemachinebudapest.hu\\\/impresszum\\\/#breadcrumb\"},\"inLanguage\":\"es\",\"potentialAction\":[{\"@type\":\"ReadAction\",\"target\":[\"https:\\\/\\\/timemachinebudapest.hu\\\/impresszum\\\/\"]}]},{\"@type\":\"ImageObject\",\"inLanguage\":\"es\",\"@id\":\"https:\\\/\\\/timemachinebudapest.hu\\\/impresszum\\\/#primaryimage\",\"url\":\"https:\\\/\\\/timemachinebudapest.hu\\\/wp-content\\\/uploads\\\/elementor\\\/thumbs\\\/befagyott_duna_ck-qyqh9z69a6easuson5b1urh8x6tyhqbsdzqryx0ys2.jpg\",\"contentUrl\":\"https:\\\/\\\/timemachinebudapest.hu\\\/wp-content\\\/uploads\\\/elementor\\\/thumbs\\\/befagyott_duna_ck-qyqh9z69a6easuson5b1urh8x6tyhqbsdzqryx0ys2.jpg\"},{\"@type\":\"BreadcrumbList\",\"@id\":\"https:\\\/\\\/timemachinebudapest.hu\\\/impresszum\\\/#breadcrumb\",\"itemListElement\":[{\"@type\":\"ListItem\",\"position\":1,\"name\":\"Kezd\u0151lap\",\"item\":\"https:\\\/\\\/timemachinebudapest.hu\\\/\"},{\"@type\":\"ListItem\",\"position\":2,\"name\":\"Impresszum\"}]},{\"@type\":\"WebSite\",\"@id\":\"https:\\\/\\\/timemachinebudapest.hu\\\/#website\",\"url\":\"https:\\\/\\\/timemachinebudapest.hu\\\/\",\"name\":\"Time Machine Budapest\",\"description\":\"Immerz\u00edv t\u00f6rt\u00e9nelmi ki\u00e1ll\u00edt\u00e1s\",\"publisher\":{\"@id\":\"https:\\\/\\\/timemachinebudapest.hu\\\/#organization\"},\"potentialAction\":[{\"@type\":\"SearchAction\",\"target\":{\"@type\":\"EntryPoint\",\"urlTemplate\":\"https:\\\/\\\/timemachinebudapest.hu\\\/?s={search_term_string}\"},\"query-input\":{\"@type\":\"PropertyValueSpecification\",\"valueRequired\":true,\"valueName\":\"search_term_string\"}}],\"inLanguage\":\"es\"},{\"@type\":\"Organization\",\"@id\":\"https:\\\/\\\/timemachinebudapest.hu\\\/#organization\",\"name\":\"Time Machine Budapest\",\"url\":\"https:\\\/\\\/timemachinebudapest.hu\\\/\",\"logo\":{\"@type\":\"ImageObject\",\"inLanguage\":\"es\",\"@id\":\"https:\\\/\\\/timemachinebudapest.hu\\\/#\\\/schema\\\/logo\\\/image\\\/\",\"url\":\"https:\\\/\\\/timemachinebudapest.hu\\\/wp-content\\\/uploads\\\/2024\\\/12\\\/cropped-TM-LOGO-vilagos-05.png\",\"contentUrl\":\"https:\\\/\\\/timemachinebudapest.hu\\\/wp-content\\\/uploads\\\/2024\\\/12\\\/cropped-TM-LOGO-vilagos-05.png\",\"width\":2084,\"height\":1444,\"caption\":\"Time Machine Budapest\"},\"image\":{\"@id\":\"https:\\\/\\\/timemachinebudapest.hu\\\/#\\\/schema\\\/logo\\\/image\\\/\"}}]}<\/script>\n<!-- \/ Yoast SEO Premium plugin. -->","yoast_head_json":{"title":"Impresszum - Time Machine Budapest","robots":{"index":"index","follow":"follow","max-snippet":"max-snippet:-1","max-image-preview":"max-image-preview:large","max-video-preview":"max-video-preview:-1"},"canonical":"https:\/\/timemachinebudapest.hu\/es\/impresszum\/","og_locale":"es_ES","og_type":"article","og_title":"Impresszum","og_description":"Impresszum V\u00e1llalkoz\u00e1s adatai V\u00e1llalkoz\u00e1s Neve: Valorvero Kft. Sz\u00e9khely: 1152 Budapest, Szentmih\u00e1lyi \u00fat 131. P\u00f3lus Center. \u00e9p. Wall Street. lh\u00e1z. 21. Postac\u00edm: 1152 Budapest, Szentmih\u00e1lyi \u00fat 131. P\u00f3lus Center. \u00e9p. Wall Street. lh\u00e1z. 21. Weboldal:\u00a0timemachinebudapest.hu\u00a0 E-mail c\u00edm:\u00a0info@timemachinebudapest.hu Telefonsz\u00e1m: +36 70 429 9099 Ad\u00f3sz\u00e1m: 23145975-2-42 vissza a f\u0151oldalra","og_url":"https:\/\/timemachinebudapest.hu\/es\/impresszum\/","og_site_name":"Time Machine Budapest","article_modified_time":"2025-02-14T13:00:53+00:00","og_image":[{"url":"https:\/\/timemachinebudapest.hu\/wp-content\/uploads\/elementor\/thumbs\/befagyott_duna_ck-qyqh9z69a6easuson5b1urh8x6tyhqbsdzqryx0ys2.jpg","type":"","width":"","height":""}],"twitter_card":"summary_large_image","schema":{"@context":"https:\/\/schema.org","@graph":[{"@type":"WebPage","@id":"https:\/\/timemachinebudapest.hu\/impresszum\/","url":"https:\/\/timemachinebudapest.hu\/impresszum\/","name":"Impresszum - Time Machine Budapest","isPartOf":{"@id":"https:\/\/timemachinebudapest.hu\/#website"},"primaryImageOfPage":{"@id":"https:\/\/timemachinebudapest.hu\/impresszum\/#primaryimage"},"image":{"@id":"https:\/\/timemachinebudapest.hu\/impresszum\/#primaryimage"},"thumbnailUrl":"https:\/\/timemachinebudapest.hu\/wp-content\/uploads\/elementor\/thumbs\/befagyott_duna_ck-qyqh9z69a6easuson5b1urh8x6tyhqbsdzqryx0ys2.jpg","datePublished":"2024-12-20T13:16:32+00:00","dateModified":"2025-02-14T13:00:53+00:00","breadcrumb":{"@id":"https:\/\/timemachinebudapest.hu\/impresszum\/#breadcrumb"},"inLanguage":"es","potentialAction":[{"@type":"ReadAction","target":["https:\/\/timemachinebudapest.hu\/impresszum\/"]}]},{"@type":"ImageObject","inLanguage":"es","@id":"https:\/\/timemachinebudapest.hu\/impresszum\/#primaryimage","url":"https:\/\/timemachinebudapest.hu\/wp-content\/uploads\/elementor\/thumbs\/befagyott_duna_ck-qyqh9z69a6easuson5b1urh8x6tyhqbsdzqryx0ys2.jpg","contentUrl":"https:\/\/timemachinebudapest.hu\/wp-content\/uploads\/elementor\/thumbs\/befagyott_duna_ck-qyqh9z69a6easuson5b1urh8x6tyhqbsdzqryx0ys2.jpg"},{"@type":"BreadcrumbList","@id":"https:\/\/timemachinebudapest.hu\/impresszum\/#breadcrumb","itemListElement":[{"@type":"ListItem","position":1,"name":"Kezd\u0151lap","item":"https:\/\/timemachinebudapest.hu\/"},{"@type":"ListItem","position":2,"name":"Impresszum"}]},{"@type":"WebSite","@id":"https:\/\/timemachinebudapest.hu\/#website","url":"https:\/\/timemachinebudapest.hu\/","name":"Time Machine Budapest","description":"Immerz\u00edv t\u00f6rt\u00e9nelmi ki\u00e1ll\u00edt\u00e1s","publisher":{"@id":"https:\/\/timemachinebudapest.hu\/#organization"},"potentialAction":[{"@type":"SearchAction","target":{"@type":"EntryPoint","urlTemplate":"https:\/\/timemachinebudapest.hu\/?s={search_term_string}"},"query-input":{"@type":"PropertyValueSpecification","valueRequired":true,"valueName":"search_term_string"}}],"inLanguage":"es"},{"@type":"Organization","@id":"https:\/\/timemachinebudapest.hu\/#organization","name":"Time Machine Budapest","url":"https:\/\/timemachinebudapest.hu\/","logo":{"@type":"ImageObject","inLanguage":"es","@id":"https:\/\/timemachinebudapest.hu\/#\/schema\/logo\/image\/","url":"https:\/\/timemachinebudapest.hu\/wp-content\/uploads\/2024\/12\/cropped-TM-LOGO-vilagos-05.png","contentUrl":"https:\/\/timemachinebudapest.hu\/wp-content\/uploads\/2024\/12\/cropped-TM-LOGO-vilagos-05.png","width":2084,"height":1444,"caption":"Time Machine Budapest"},"image":{"@id":"https:\/\/timemachinebudapest.hu\/#\/schema\/logo\/image\/"}}]}},"_links":{"self":[{"href":"https:\/\/timemachinebudapest.hu\/es\/wp-json\/wp\/v2\/pages\/463","targetHints":{"allow":["GET"]}}],"collection":[{"href":"https:\/\/timemachinebudapest.hu\/es\/wp-json\/wp\/v2\/pages"}],"about":[{"href":"https:\/\/timemachinebudapest.hu\/es\/wp-json\/wp\/v2\/types\/page"}],"author":[{"embeddable":true,"href":"https:\/\/timemachinebudapest.hu\/es\/wp-json\/wp\/v2\/users\/1"}],"replies":[{"embeddable":true,"href":"https:\/\/timemachinebudapest.hu\/es\/wp-json\/wp\/v2\/comments?post=463"}],"version-history":[{"count":0,"href":"https:\/\/timemachinebudapest.hu\/es\/wp-json\/wp\/v2\/pages\/463\/revisions"}],"wp:attachment":[{"href":"https:\/\/timemachinebudapest.hu\/es\/wp-json\/wp\/v2\/media?parent=463"}],"curies":[{"name":"wp","href":"https:\/\/api.w.org\/{rel}","templated":true}]}}