{"id":436,"date":"2024-12-20T10:07:17","date_gmt":"2024-12-20T10:07:17","guid":{"rendered":"https:\/\/timemachinebudapest.hu\/?page_id=436"},"modified":"2026-04-30T13:20:48","modified_gmt":"2026-04-30T11:20:48","slug":"jegyvasarlas","status":"publish","type":"page","link":"https:\/\/timemachinebudapest.hu\/en\/jegyvasarlas\/","title":{"rendered":"Jegyv\u00e1s\u00e1rl\u00e1s"},"content":{"rendered":"<div data-elementor-type=\"wp-page\" data-elementor-id=\"436\" class=\"elementor elementor-436\" data-elementor-post-type=\"page\">\n\t\t\t\t<div class=\"elementor-element elementor-element-27cb9d02 e-flex e-con-boxed e-con e-parent\" data-id=\"27cb9d02\" data-element_type=\"container\" data-e-type=\"container\">\n\t\t\t\t\t<div class=\"e-con-inner\">\n\t\t\t\t<div class=\"elementor-element elementor-element-e1027b2 elementor-widget elementor-widget-html\" data-id=\"e1027b2\" data-element_type=\"widget\" data-e-type=\"widget\" data-widget_type=\"html.default\">\n\t\t\t\t\t<iframe src=\"https:\/\/cooltix.com\/widget\/event-products\/6744f69307236c86d4be85a6\" width=\"100%\" height=\"600px\" frameborder=\"0\"><\/iframe>\t\t\t\t<\/div>\n\t\t\t\t\t<\/div>\n\t\t\t\t<\/div>\n\t\t\t\t<\/div>","protected":false},"excerpt":{"rendered":"","protected":false},"author":1,"featured_media":0,"parent":0,"menu_order":0,"comment_status":"closed","ping_status":"closed","template":"","meta":{"footnotes":""},"class_list":["post-436","page","type-page","status-publish","hentry"],"yoast_head":"<!-- This site is optimized with the Yoast SEO Premium plugin v27.5 (Yoast SEO v27.5) - https:\/\/yoast.com\/product\/yoast-seo-premium-wordpress\/ -->\n<title>Jegyv\u00e1s\u00e1rl\u00e1s - Time Machine Budapest<\/title>\n<meta name=\"robots\" content=\"index, follow, max-snippet:-1, max-image-preview:large, max-video-preview:-1\" \/>\n<link rel=\"canonical\" href=\"https:\/\/timemachinebudapest.hu\/en\/jegyvasarlas\/\" \/>\n<meta property=\"og:locale\" content=\"en_GB\" \/>\n<meta property=\"og:type\" content=\"article\" \/>\n<meta property=\"og:title\" content=\"Jegyv\u00e1s\u00e1rl\u00e1s\" \/>\n<meta property=\"og:url\" content=\"https:\/\/timemachinebudapest.hu\/en\/jegyvasarlas\/\" \/>\n<meta property=\"og:site_name\" content=\"Time Machine Budapest\" \/>\n<meta property=\"article:modified_time\" content=\"2026-04-30T11:20:48+00:00\" \/>\n<meta name=\"twitter:card\" content=\"summary_large_image\" \/>\n<script type=\"application\/ld+json\" class=\"yoast-schema-graph\">{\"@context\":\"https:\\\/\\\/schema.org\",\"@graph\":[{\"@type\":\"WebPage\",\"@id\":\"https:\\\/\\\/timemachinebudapest.hu\\\/jegyvasarlas\\\/\",\"url\":\"https:\\\/\\\/timemachinebudapest.hu\\\/jegyvasarlas\\\/\",\"name\":\"Jegyv\u00e1s\u00e1rl\u00e1s - Time Machine Budapest\",\"isPartOf\":{\"@id\":\"https:\\\/\\\/timemachinebudapest.hu\\\/#website\"},\"datePublished\":\"2024-12-20T10:07:17+00:00\",\"dateModified\":\"2026-04-30T11:20:48+00:00\",\"breadcrumb\":{\"@id\":\"https:\\\/\\\/timemachinebudapest.hu\\\/jegyvasarlas\\\/#breadcrumb\"},\"inLanguage\":\"en-GB\",\"potentialAction\":[{\"@type\":\"ReadAction\",\"target\":[\"https:\\\/\\\/timemachinebudapest.hu\\\/jegyvasarlas\\\/\"]}]},{\"@type\":\"BreadcrumbList\",\"@id\":\"https:\\\/\\\/timemachinebudapest.hu\\\/jegyvasarlas\\\/#breadcrumb\",\"itemListElement\":[{\"@type\":\"ListItem\",\"position\":1,\"name\":\"Kezd\u0151lap\",\"item\":\"https:\\\/\\\/timemachinebudapest.hu\\\/\"},{\"@type\":\"ListItem\",\"position\":2,\"name\":\"Jegyv\u00e1s\u00e1rl\u00e1s\"}]},{\"@type\":\"WebSite\",\"@id\":\"https:\\\/\\\/timemachinebudapest.hu\\\/#website\",\"url\":\"https:\\\/\\\/timemachinebudapest.hu\\\/\",\"name\":\"Time Machine Budapest\",\"description\":\"Immerz\u00edv t\u00f6rt\u00e9nelmi ki\u00e1ll\u00edt\u00e1s\",\"publisher\":{\"@id\":\"https:\\\/\\\/timemachinebudapest.hu\\\/#organization\"},\"potentialAction\":[{\"@type\":\"SearchAction\",\"target\":{\"@type\":\"EntryPoint\",\"urlTemplate\":\"https:\\\/\\\/timemachinebudapest.hu\\\/?s={search_term_string}\"},\"query-input\":{\"@type\":\"PropertyValueSpecification\",\"valueRequired\":true,\"valueName\":\"search_term_string\"}}],\"inLanguage\":\"en-GB\"},{\"@type\":\"Organization\",\"@id\":\"https:\\\/\\\/timemachinebudapest.hu\\\/#organization\",\"name\":\"Time Machine Budapest\",\"url\":\"https:\\\/\\\/timemachinebudapest.hu\\\/\",\"logo\":{\"@type\":\"ImageObject\",\"inLanguage\":\"en-GB\",\"@id\":\"https:\\\/\\\/timemachinebudapest.hu\\\/#\\\/schema\\\/logo\\\/image\\\/\",\"url\":\"https:\\\/\\\/timemachinebudapest.hu\\\/wp-content\\\/uploads\\\/2024\\\/12\\\/cropped-TM-LOGO-vilagos-05.png\",\"contentUrl\":\"https:\\\/\\\/timemachinebudapest.hu\\\/wp-content\\\/uploads\\\/2024\\\/12\\\/cropped-TM-LOGO-vilagos-05.png\",\"width\":2084,\"height\":1444,\"caption\":\"Time Machine Budapest\"},\"image\":{\"@id\":\"https:\\\/\\\/timemachinebudapest.hu\\\/#\\\/schema\\\/logo\\\/image\\\/\"}}]}<\/script>\n<!-- \/ Yoast SEO Premium plugin. -->","yoast_head_json":{"title":"Jegyv\u00e1s\u00e1rl\u00e1s - Time Machine Budapest","robots":{"index":"index","follow":"follow","max-snippet":"max-snippet:-1","max-image-preview":"max-image-preview:large","max-video-preview":"max-video-preview:-1"},"canonical":"https:\/\/timemachinebudapest.hu\/en\/jegyvasarlas\/","og_locale":"en_GB","og_type":"article","og_title":"Jegyv\u00e1s\u00e1rl\u00e1s","og_url":"https:\/\/timemachinebudapest.hu\/en\/jegyvasarlas\/","og_site_name":"Time Machine Budapest","article_modified_time":"2026-04-30T11:20:48+00:00","twitter_card":"summary_large_image","schema":{"@context":"https:\/\/schema.org","@graph":[{"@type":"WebPage","@id":"https:\/\/timemachinebudapest.hu\/jegyvasarlas\/","url":"https:\/\/timemachinebudapest.hu\/jegyvasarlas\/","name":"Jegyv\u00e1s\u00e1rl\u00e1s - Time Machine Budapest","isPartOf":{"@id":"https:\/\/timemachinebudapest.hu\/#website"},"datePublished":"2024-12-20T10:07:17+00:00","dateModified":"2026-04-30T11:20:48+00:00","breadcrumb":{"@id":"https:\/\/timemachinebudapest.hu\/jegyvasarlas\/#breadcrumb"},"inLanguage":"en-GB","potentialAction":[{"@type":"ReadAction","target":["https:\/\/timemachinebudapest.hu\/jegyvasarlas\/"]}]},{"@type":"BreadcrumbList","@id":"https:\/\/timemachinebudapest.hu\/jegyvasarlas\/#breadcrumb","itemListElement":[{"@type":"ListItem","position":1,"name":"Kezd\u0151lap","item":"https:\/\/timemachinebudapest.hu\/"},{"@type":"ListItem","position":2,"name":"Jegyv\u00e1s\u00e1rl\u00e1s"}]},{"@type":"WebSite","@id":"https:\/\/timemachinebudapest.hu\/#website","url":"https:\/\/timemachinebudapest.hu\/","name":"Time Machine Budapest","description":"Immerz\u00edv t\u00f6rt\u00e9nelmi ki\u00e1ll\u00edt\u00e1s","publisher":{"@id":"https:\/\/timemachinebudapest.hu\/#organization"},"potentialAction":[{"@type":"SearchAction","target":{"@type":"EntryPoint","urlTemplate":"https:\/\/timemachinebudapest.hu\/?s={search_term_string}"},"query-input":{"@type":"PropertyValueSpecification","valueRequired":true,"valueName":"search_term_string"}}],"inLanguage":"en-GB"},{"@type":"Organization","@id":"https:\/\/timemachinebudapest.hu\/#organization","name":"Time Machine Budapest","url":"https:\/\/timemachinebudapest.hu\/","logo":{"@type":"ImageObject","inLanguage":"en-GB","@id":"https:\/\/timemachinebudapest.hu\/#\/schema\/logo\/image\/","url":"https:\/\/timemachinebudapest.hu\/wp-content\/uploads\/2024\/12\/cropped-TM-LOGO-vilagos-05.png","contentUrl":"https:\/\/timemachinebudapest.hu\/wp-content\/uploads\/2024\/12\/cropped-TM-LOGO-vilagos-05.png","width":2084,"height":1444,"caption":"Time Machine Budapest"},"image":{"@id":"https:\/\/timemachinebudapest.hu\/#\/schema\/logo\/image\/"}}]}},"_links":{"self":[{"href":"https:\/\/timemachinebudapest.hu\/en\/wp-json\/wp\/v2\/pages\/436","targetHints":{"allow":["GET"]}}],"collection":[{"href":"https:\/\/timemachinebudapest.hu\/en\/wp-json\/wp\/v2\/pages"}],"about":[{"href":"https:\/\/timemachinebudapest.hu\/en\/wp-json\/wp\/v2\/types\/page"}],"author":[{"embeddable":true,"href":"https:\/\/timemachinebudapest.hu\/en\/wp-json\/wp\/v2\/users\/1"}],"replies":[{"embeddable":true,"href":"https:\/\/timemachinebudapest.hu\/en\/wp-json\/wp\/v2\/comments?post=436"}],"version-history":[{"count":0,"href":"https:\/\/timemachinebudapest.hu\/en\/wp-json\/wp\/v2\/pages\/436\/revisions"}],"wp:attachment":[{"href":"https:\/\/timemachinebudapest.hu\/en\/wp-json\/wp\/v2\/media?parent=436"}],"curies":[{"name":"wp","href":"https:\/\/api.w.org\/{rel}","templated":true}]}}