{"id":2502,"date":"2026-04-30T10:23:11","date_gmt":"2026-04-30T08:23:11","guid":{"rendered":"https:\/\/timemachinebudapest.hu\/?page_id=2502"},"modified":"2026-04-30T13:22:10","modified_gmt":"2026-04-30T11:22:10","slug":"ajandekjegy","status":"publish","type":"page","link":"https:\/\/timemachinebudapest.hu\/en\/ajandekjegy\/","title":{"rendered":"Aj\u00e1nd\u00e9kjegy"},"content":{"rendered":"\t\t<div data-elementor-type=\"wp-page\" data-elementor-id=\"2502\" class=\"elementor elementor-2502\" data-elementor-post-type=\"page\">\n\t\t\t\t\t\t<section class=\"elementor-section elementor-top-section elementor-element elementor-element-62fc9aec elementor-section-boxed elementor-section-height-default elementor-section-height-default\" data-id=\"62fc9aec\" data-element_type=\"section\" data-e-type=\"section\" data-settings=\"{&quot;background_background&quot;:&quot;classic&quot;}\">\n\t\t\t\t\t\t\t<div class=\"elementor-background-overlay\"><\/div>\n\t\t\t\t\t\t\t<div class=\"elementor-container elementor-column-gap-default\">\n\t\t\t\t\t<div class=\"elementor-column elementor-col-100 elementor-top-column elementor-element elementor-element-7d9198a1\" data-id=\"7d9198a1\" data-element_type=\"column\" data-e-type=\"column\" data-settings=\"{&quot;background_background&quot;:&quot;classic&quot;,&quot;background_motion_fx_motion_fx_scrolling&quot;:&quot;yes&quot;,&quot;background_motion_fx_translateY_effect&quot;:&quot;yes&quot;,&quot;background_motion_fx_translateY_direction&quot;:&quot;negative&quot;,&quot;background_motion_fx_translateY_speed&quot;:{&quot;unit&quot;:&quot;px&quot;,&quot;size&quot;:&quot;2.5&quot;,&quot;sizes&quot;:[]},&quot;background_motion_fx_translateY_affectedRange&quot;:{&quot;unit&quot;:&quot;%&quot;,&quot;size&quot;:&quot;&quot;,&quot;sizes&quot;:{&quot;start&quot;:0,&quot;end&quot;:100}},&quot;background_motion_fx_devices&quot;:[&quot;desktop&quot;,&quot;tablet&quot;,&quot;mobile&quot;]}\">\n\t\t\t<div class=\"elementor-widget-wrap elementor-element-populated\">\n\t\t\t\t\t<div class=\"elementor-background-overlay\"><\/div>\n\t\t\t\t\t\t<div class=\"elementor-element elementor-element-1e6659ba animated-slow elementor-invisible elementor-widget elementor-widget-heading\" data-id=\"1e6659ba\" data-element_type=\"widget\" data-e-type=\"widget\" data-settings=\"{&quot;_animation&quot;:&quot;fadeIn&quot;}\" data-widget_type=\"heading.default\">\n\t\t\t\t\t<h1 class=\"elementor-heading-title elementor-size-default\">aj\u00e1nd\u00e9kjegy<\/h1>\t\t\t\t<\/div>\n\t\t\t\t<div class=\"elementor-element elementor-element-10e5b21f elementor-widget elementor-widget-heading\" data-id=\"10e5b21f\" data-element_type=\"widget\" data-e-type=\"widget\" data-widget_type=\"heading.default\">\n\t\t\t\t\t<h2 class=\"elementor-heading-title elementor-size-default\">Aj\u00e1nd\u00e9kutalv\u00e1ny bev\u00e1lt\u00e1s\u00e1ra \u00e1tmenetileg csak a helysz\u00ednen van lehet\u0151s\u00e9g. Id\u0151pontfoglal\u00e1shoz keress minket el\u00e9rhet\u0151s\u00e9geink egyik\u00e9n: +36 30 018 1114 vagy info@timemachinebudapest.hu<\/h2>\t\t\t\t<\/div>\n\t\t\t\t<div class=\"elementor-element elementor-element-2b29ba55 elementor-shape-square elementor-grid-1 elementor-widget__width-auto elementor-fixed elementor-hidden-desktop elementor-hidden-tablet elementor-hidden-mobile e-grid-align-center elementor-widget elementor-widget-social-icons\" data-id=\"2b29ba55\" data-element_type=\"widget\" data-e-type=\"widget\" data-settings=\"{&quot;_position&quot;:&quot;fixed&quot;}\" data-widget_type=\"social-icons.default\">\n\t\t\t\t\t\t\t<div class=\"elementor-social-icons-wrapper elementor-grid\" role=\"list\">\n\t\t\t\t\t\t\t<span class=\"elementor-grid-item\" role=\"listitem\">\n\t\t\t\t\t<a class=\"elementor-icon elementor-social-icon elementor-social-icon-youtube elementor-repeater-item-90b4e82\" target=\"_blank\">\n\t\t\t\t\t\t<span class=\"elementor-screen-only\">Youtube<\/span>\n\t\t\t\t\t\t<svg aria-hidden=\"true\" class=\"e-font-icon-svg e-fab-youtube\" viewBox=\"0 0 576 512\" xmlns=\"http:\/\/www.w3.org\/2000\/svg\"><path d=\"M549.655 124.083c-6.281-23.65-24.787-42.276-48.284-48.597C458.781 64 288 64 288 64S117.22 64 74.629 75.486c-23.497 6.322-42.003 24.947-48.284 48.597-11.412 42.867-11.412 132.305-11.412 132.305s0 89.438 11.412 132.305c6.281 23.65 24.787 41.5 48.284 47.821C117.22 448 288 448 288 448s170.78 0 213.371-11.486c23.497-6.321 42.003-24.171 48.284-47.821 11.412-42.867 11.412-132.305 11.412-132.305s0-89.438-11.412-132.305zm-317.51 213.508V175.185l142.739 81.205-142.739 81.201z\"><\/path><\/svg>\t\t\t\t\t<\/a>\n\t\t\t\t<\/span>\n\t\t\t\t\t\t\t<span class=\"elementor-grid-item\" role=\"listitem\">\n\t\t\t\t\t<a class=\"elementor-icon elementor-social-icon elementor-social-icon-instagram elementor-repeater-item-f90d36f\" target=\"_blank\">\n\t\t\t\t\t\t<span class=\"elementor-screen-only\">Instagram<\/span>\n\t\t\t\t\t\t<svg aria-hidden=\"true\" class=\"e-font-icon-svg e-fab-instagram\" viewBox=\"0 0 448 512\" xmlns=\"http:\/\/www.w3.org\/2000\/svg\"><path d=\"M224.1 141c-63.6 0-114.9 51.3-114.9 114.9s51.3 114.9 114.9 114.9S339 319.5 339 255.9 287.7 141 224.1 141zm0 189.6c-41.1 0-74.7-33.5-74.7-74.7s33.5-74.7 74.7-74.7 74.7 33.5 74.7 74.7-33.6 74.7-74.7 74.7zm146.4-194.3c0 14.9-12 26.8-26.8 26.8-14.9 0-26.8-12-26.8-26.8s12-26.8 26.8-26.8 26.8 12 26.8 26.8zm76.1 27.2c-1.7-35.9-9.9-67.7-36.2-93.9-26.2-26.2-58-34.4-93.9-36.2-37-2.1-147.9-2.1-184.9 0-35.8 1.7-67.6 9.9-93.9 36.1s-34.4 58-36.2 93.9c-2.1 37-2.1 147.9 0 184.9 1.7 35.9 9.9 67.7 36.2 93.9s58 34.4 93.9 36.2c37 2.1 147.9 2.1 184.9 0 35.9-1.7 67.7-9.9 93.9-36.2 26.2-26.2 34.4-58 36.2-93.9 2.1-37 2.1-147.8 0-184.8zM398.8 388c-7.8 19.6-22.9 34.7-42.6 42.6-29.5 11.7-99.5 9-132.1 9s-102.7 2.6-132.1-9c-19.6-7.8-34.7-22.9-42.6-42.6-11.7-29.5-9-99.5-9-132.1s-2.6-102.7 9-132.1c7.8-19.6 22.9-34.7 42.6-42.6 29.5-11.7 99.5-9 132.1-9s102.7-2.6 132.1 9c19.6 7.8 34.7 22.9 42.6 42.6 11.7 29.5 9 99.5 9 132.1s2.7 102.7-9 132.1z\"><\/path><\/svg>\t\t\t\t\t<\/a>\n\t\t\t\t<\/span>\n\t\t\t\t\t\t\t<span class=\"elementor-grid-item\" role=\"listitem\">\n\t\t\t\t\t<a class=\"elementor-icon elementor-social-icon elementor-social-icon-twitter elementor-repeater-item-e3500c5\" target=\"_blank\">\n\t\t\t\t\t\t<span class=\"elementor-screen-only\">Twitter<\/span>\n\t\t\t\t\t\t<svg aria-hidden=\"true\" class=\"e-font-icon-svg e-fab-twitter\" viewBox=\"0 0 512 512\" xmlns=\"http:\/\/www.w3.org\/2000\/svg\"><path d=\"M459.37 151.716c.325 4.548.325 9.097.325 13.645 0 138.72-105.583 298.558-298.558 298.558-59.452 0-114.68-17.219-161.137-47.106 8.447.974 16.568 1.299 25.34 1.299 49.055 0 94.213-16.568 130.274-44.832-46.132-.975-84.792-31.188-98.112-72.772 6.498.974 12.995 1.624 19.818 1.624 9.421 0 18.843-1.3 27.614-3.573-48.081-9.747-84.143-51.98-84.143-102.985v-1.299c13.969 7.797 30.214 12.67 47.431 13.319-28.264-18.843-46.781-51.005-46.781-87.391 0-19.492 5.197-37.36 14.294-52.954 51.655 63.675 129.3 105.258 216.365 109.807-1.624-7.797-2.599-15.918-2.599-24.04 0-57.828 46.782-104.934 104.934-104.934 30.213 0 57.502 12.67 76.67 33.137 23.715-4.548 46.456-13.32 66.599-25.34-7.798 24.366-24.366 44.833-46.132 57.827 21.117-2.273 41.584-8.122 60.426-16.243-14.292 20.791-32.161 39.308-52.628 54.253z\"><\/path><\/svg>\t\t\t\t\t<\/a>\n\t\t\t\t<\/span>\n\t\t\t\t\t\t\t<span class=\"elementor-grid-item\" role=\"listitem\">\n\t\t\t\t\t<a class=\"elementor-icon elementor-social-icon elementor-social-icon-facebook-f elementor-repeater-item-63c08dc\" target=\"_blank\">\n\t\t\t\t\t\t<span class=\"elementor-screen-only\">Facebook-f<\/span>\n\t\t\t\t\t\t<svg aria-hidden=\"true\" class=\"e-font-icon-svg e-fab-facebook-f\" viewBox=\"0 0 320 512\" xmlns=\"http:\/\/www.w3.org\/2000\/svg\"><path d=\"M279.14 288l14.22-92.66h-88.91v-60.13c0-25.35 12.42-50.06 52.24-50.06h40.42V6.26S260.43 0 225.36 0c-73.22 0-121.08 44.38-121.08 124.72v70.62H22.89V288h81.39v224h100.17V288z\"><\/path><\/svg>\t\t\t\t\t<\/a>\n\t\t\t\t<\/span>\n\t\t\t\t\t<\/div>\n\t\t\t\t\t\t<\/div>\n\t\t\t\t\t<\/div>\n\t\t<\/div>\n\t\t\t\t\t<\/div>\n\t\t<\/section>\n\t\t<div class=\"elementor-element elementor-element-6f41b88f e-flex e-con-boxed e-con e-parent\" data-id=\"6f41b88f\" data-element_type=\"container\" data-e-type=\"container\">\n\t\t\t\t\t<div class=\"e-con-inner\">\n\t\t\t\t<div class=\"elementor-element elementor-element-7ecc3ed4 elementor-widget elementor-widget-html\" data-id=\"7ecc3ed4\" data-element_type=\"widget\" data-e-type=\"widget\" data-widget_type=\"html.default\">\n\t\t\t\t\t<iframe src=\"https:\/\/cooltix.com\/widget\/event-products\/67eaaa0305a2ffa09a23ef3b\" width=\"100%\" height=\"600px\" frameborder=\"0\"><\/iframe>\t\t\t\t<\/div>\n\t\t\t\t\t<\/div>\n\t\t\t\t<\/div>\n\t\t\t\t<\/div>\n\t\t","protected":false},"excerpt":{"rendered":"<p>aj\u00e1nd\u00e9kjegy Aj\u00e1nd\u00e9kutalv\u00e1ny bev\u00e1lt\u00e1s\u00e1ra \u00e1tmenetileg csak a helysz\u00ednen van lehet\u0151s\u00e9g. Id\u0151pontfoglal\u00e1shoz keress minket el\u00e9rhet\u0151s\u00e9geink egyik\u00e9n: +36 30 018 1114 vagy info@timemachinebudapest.hu Youtube Instagram Twitter Facebook-f<\/p>","protected":false},"author":3,"featured_media":0,"parent":0,"menu_order":0,"comment_status":"closed","ping_status":"closed","template":"","meta":{"footnotes":""},"class_list":["post-2502","page","type-page","status-publish","hentry"],"yoast_head":"<!-- This site is optimized with the Yoast SEO Premium plugin v27.5 (Yoast SEO v27.5) - https:\/\/yoast.com\/product\/yoast-seo-premium-wordpress\/ -->\n<title>Aj\u00e1nd\u00e9kjegy - Time Machine Budapest<\/title>\n<meta name=\"robots\" content=\"index, follow, max-snippet:-1, max-image-preview:large, max-video-preview:-1\" \/>\n<link rel=\"canonical\" href=\"https:\/\/timemachinebudapest.hu\/en\/ajandekjegy\/\" \/>\n<meta property=\"og:locale\" content=\"en_GB\" \/>\n<meta property=\"og:type\" content=\"article\" \/>\n<meta property=\"og:title\" content=\"Aj\u00e1nd\u00e9kjegy\" \/>\n<meta property=\"og:description\" content=\"aj\u00e1nd\u00e9kjegy Aj\u00e1nd\u00e9kutalv\u00e1ny bev\u00e1lt\u00e1s\u00e1ra \u00e1tmenetileg csak a helysz\u00ednen van lehet\u0151s\u00e9g. Id\u0151pontfoglal\u00e1shoz keress minket el\u00e9rhet\u0151s\u00e9geink egyik\u00e9n: +36 30 018 1114 vagy info@timemachinebudapest.hu Youtube Instagram Twitter Facebook-f\" \/>\n<meta property=\"og:url\" content=\"https:\/\/timemachinebudapest.hu\/en\/ajandekjegy\/\" \/>\n<meta property=\"og:site_name\" content=\"Time Machine Budapest\" \/>\n<meta property=\"article:modified_time\" content=\"2026-04-30T11:22:10+00:00\" \/>\n<meta name=\"twitter:card\" content=\"summary_large_image\" \/>\n<meta name=\"twitter:label1\" content=\"Estimated reading time\" \/>\n\t<meta name=\"twitter:data1\" content=\"1 minute\" \/>\n<script type=\"application\/ld+json\" class=\"yoast-schema-graph\">{\"@context\":\"https:\\\/\\\/schema.org\",\"@graph\":[{\"@type\":\"WebPage\",\"@id\":\"https:\\\/\\\/timemachinebudapest.hu\\\/ajandekjegy\\\/\",\"url\":\"https:\\\/\\\/timemachinebudapest.hu\\\/ajandekjegy\\\/\",\"name\":\"Aj\u00e1nd\u00e9kjegy - Time Machine Budapest\",\"isPartOf\":{\"@id\":\"https:\\\/\\\/timemachinebudapest.hu\\\/#website\"},\"datePublished\":\"2026-04-30T08:23:11+00:00\",\"dateModified\":\"2026-04-30T11:22:10+00:00\",\"breadcrumb\":{\"@id\":\"https:\\\/\\\/timemachinebudapest.hu\\\/ajandekjegy\\\/#breadcrumb\"},\"inLanguage\":\"en-GB\",\"potentialAction\":[{\"@type\":\"ReadAction\",\"target\":[\"https:\\\/\\\/timemachinebudapest.hu\\\/ajandekjegy\\\/\"]}]},{\"@type\":\"BreadcrumbList\",\"@id\":\"https:\\\/\\\/timemachinebudapest.hu\\\/ajandekjegy\\\/#breadcrumb\",\"itemListElement\":[{\"@type\":\"ListItem\",\"position\":1,\"name\":\"Kezd\u0151lap\",\"item\":\"https:\\\/\\\/timemachinebudapest.hu\\\/\"},{\"@type\":\"ListItem\",\"position\":2,\"name\":\"Aj\u00e1nd\u00e9kjegy\"}]},{\"@type\":\"WebSite\",\"@id\":\"https:\\\/\\\/timemachinebudapest.hu\\\/#website\",\"url\":\"https:\\\/\\\/timemachinebudapest.hu\\\/\",\"name\":\"Time Machine Budapest\",\"description\":\"Immerz\u00edv t\u00f6rt\u00e9nelmi ki\u00e1ll\u00edt\u00e1s\",\"publisher\":{\"@id\":\"https:\\\/\\\/timemachinebudapest.hu\\\/#organization\"},\"potentialAction\":[{\"@type\":\"SearchAction\",\"target\":{\"@type\":\"EntryPoint\",\"urlTemplate\":\"https:\\\/\\\/timemachinebudapest.hu\\\/?s={search_term_string}\"},\"query-input\":{\"@type\":\"PropertyValueSpecification\",\"valueRequired\":true,\"valueName\":\"search_term_string\"}}],\"inLanguage\":\"en-GB\"},{\"@type\":\"Organization\",\"@id\":\"https:\\\/\\\/timemachinebudapest.hu\\\/#organization\",\"name\":\"Time Machine Budapest\",\"url\":\"https:\\\/\\\/timemachinebudapest.hu\\\/\",\"logo\":{\"@type\":\"ImageObject\",\"inLanguage\":\"en-GB\",\"@id\":\"https:\\\/\\\/timemachinebudapest.hu\\\/#\\\/schema\\\/logo\\\/image\\\/\",\"url\":\"https:\\\/\\\/timemachinebudapest.hu\\\/wp-content\\\/uploads\\\/2024\\\/12\\\/cropped-TM-LOGO-vilagos-05.png\",\"contentUrl\":\"https:\\\/\\\/timemachinebudapest.hu\\\/wp-content\\\/uploads\\\/2024\\\/12\\\/cropped-TM-LOGO-vilagos-05.png\",\"width\":2084,\"height\":1444,\"caption\":\"Time Machine Budapest\"},\"image\":{\"@id\":\"https:\\\/\\\/timemachinebudapest.hu\\\/#\\\/schema\\\/logo\\\/image\\\/\"}}]}<\/script>\n<!-- \/ Yoast SEO Premium plugin. -->","yoast_head_json":{"title":"Aj\u00e1nd\u00e9kjegy - Time Machine Budapest","robots":{"index":"index","follow":"follow","max-snippet":"max-snippet:-1","max-image-preview":"max-image-preview:large","max-video-preview":"max-video-preview:-1"},"canonical":"https:\/\/timemachinebudapest.hu\/en\/ajandekjegy\/","og_locale":"en_GB","og_type":"article","og_title":"Aj\u00e1nd\u00e9kjegy","og_description":"aj\u00e1nd\u00e9kjegy Aj\u00e1nd\u00e9kutalv\u00e1ny bev\u00e1lt\u00e1s\u00e1ra \u00e1tmenetileg csak a helysz\u00ednen van lehet\u0151s\u00e9g. Id\u0151pontfoglal\u00e1shoz keress minket el\u00e9rhet\u0151s\u00e9geink egyik\u00e9n: +36 30 018 1114 vagy info@timemachinebudapest.hu Youtube Instagram Twitter Facebook-f","og_url":"https:\/\/timemachinebudapest.hu\/en\/ajandekjegy\/","og_site_name":"Time Machine Budapest","article_modified_time":"2026-04-30T11:22:10+00:00","twitter_card":"summary_large_image","twitter_misc":{"Estimated reading time":"1 minute"},"schema":{"@context":"https:\/\/schema.org","@graph":[{"@type":"WebPage","@id":"https:\/\/timemachinebudapest.hu\/ajandekjegy\/","url":"https:\/\/timemachinebudapest.hu\/ajandekjegy\/","name":"Aj\u00e1nd\u00e9kjegy - Time Machine Budapest","isPartOf":{"@id":"https:\/\/timemachinebudapest.hu\/#website"},"datePublished":"2026-04-30T08:23:11+00:00","dateModified":"2026-04-30T11:22:10+00:00","breadcrumb":{"@id":"https:\/\/timemachinebudapest.hu\/ajandekjegy\/#breadcrumb"},"inLanguage":"en-GB","potentialAction":[{"@type":"ReadAction","target":["https:\/\/timemachinebudapest.hu\/ajandekjegy\/"]}]},{"@type":"BreadcrumbList","@id":"https:\/\/timemachinebudapest.hu\/ajandekjegy\/#breadcrumb","itemListElement":[{"@type":"ListItem","position":1,"name":"Kezd\u0151lap","item":"https:\/\/timemachinebudapest.hu\/"},{"@type":"ListItem","position":2,"name":"Aj\u00e1nd\u00e9kjegy"}]},{"@type":"WebSite","@id":"https:\/\/timemachinebudapest.hu\/#website","url":"https:\/\/timemachinebudapest.hu\/","name":"Time Machine Budapest","description":"Immerz\u00edv t\u00f6rt\u00e9nelmi ki\u00e1ll\u00edt\u00e1s","publisher":{"@id":"https:\/\/timemachinebudapest.hu\/#organization"},"potentialAction":[{"@type":"SearchAction","target":{"@type":"EntryPoint","urlTemplate":"https:\/\/timemachinebudapest.hu\/?s={search_term_string}"},"query-input":{"@type":"PropertyValueSpecification","valueRequired":true,"valueName":"search_term_string"}}],"inLanguage":"en-GB"},{"@type":"Organization","@id":"https:\/\/timemachinebudapest.hu\/#organization","name":"Time Machine Budapest","url":"https:\/\/timemachinebudapest.hu\/","logo":{"@type":"ImageObject","inLanguage":"en-GB","@id":"https:\/\/timemachinebudapest.hu\/#\/schema\/logo\/image\/","url":"https:\/\/timemachinebudapest.hu\/wp-content\/uploads\/2024\/12\/cropped-TM-LOGO-vilagos-05.png","contentUrl":"https:\/\/timemachinebudapest.hu\/wp-content\/uploads\/2024\/12\/cropped-TM-LOGO-vilagos-05.png","width":2084,"height":1444,"caption":"Time Machine Budapest"},"image":{"@id":"https:\/\/timemachinebudapest.hu\/#\/schema\/logo\/image\/"}}]}},"_links":{"self":[{"href":"https:\/\/timemachinebudapest.hu\/en\/wp-json\/wp\/v2\/pages\/2502","targetHints":{"allow":["GET"]}}],"collection":[{"href":"https:\/\/timemachinebudapest.hu\/en\/wp-json\/wp\/v2\/pages"}],"about":[{"href":"https:\/\/timemachinebudapest.hu\/en\/wp-json\/wp\/v2\/types\/page"}],"author":[{"embeddable":true,"href":"https:\/\/timemachinebudapest.hu\/en\/wp-json\/wp\/v2\/users\/3"}],"replies":[{"embeddable":true,"href":"https:\/\/timemachinebudapest.hu\/en\/wp-json\/wp\/v2\/comments?post=2502"}],"version-history":[{"count":0,"href":"https:\/\/timemachinebudapest.hu\/en\/wp-json\/wp\/v2\/pages\/2502\/revisions"}],"wp:attachment":[{"href":"https:\/\/timemachinebudapest.hu\/en\/wp-json\/wp\/v2\/media?parent=2502"}],"curies":[{"name":"wp","href":"https:\/\/api.w.org\/{rel}","templated":true}]}}